{"id":3,"date":"2021-11-17T09:32:18","date_gmt":"2021-11-17T09:32:18","guid":{"rendered":"https:\/\/universewithinyou.com\/?page_id=3"},"modified":"2025-08-28T09:14:45","modified_gmt":"2025-08-28T09:14:45","slug":"podroze-miedzygwiezdne","status":"publish","type":"page","link":"https:\/\/universewithinyou.com\/en\/czesc-iii-odpowiedzi-na-odwieczne-pytania\/podroze-miedzygwiezdne\/","title":{"rendered":"<b>Podr\u00f3\u017ce Mi\u0119dzygwiezdne:<\/b> Podstawowe Za\u0142o\u017cenia"},"content":{"rendered":"<div id=\"bsf_rt_marker\"><\/div>\n<h3 class=\"wp-block-heading\">Zmiana Lokacyjnej W\u0142asno\u015bci Obiektu<\/h3>\n\n\n\n<p>Wsp\u00f3\u0142czesna nauka postrzega obiekt jako co\u015b, co istnieje w okre\u015blonym miejscu. Jednak zaawansowane technologie, jak te stosowane w podr\u00f3\u017cach mi\u0119dzygwiezdnych, traktuj\u0105 <strong>lokacj\u0119 jako w\u0142a\u015bciwo\u015b\u0107 obiektu<\/strong>. To fundamentalne przesuni\u0119cie w my\u015bleniu oznacza, \u017ce je\u015bli zmienimy \u201ezmienn\u0105 lokacyjn\u0105\u201d w r\u00f3wnaniu energetycznym obiektu, to przestaje on istnie\u0107 w pierwotnym miejscu i natychmiast pojawia si\u0119 w nowym, <strong>bez faktycznego przemierzania przestrzeni mi\u0119dzy tymi punktami<\/strong>.<\/p>\n\n\n\n<p>Proces ten nie polega na podr\u00f3\u017cowaniu w tradycyjnym rozumieniu, lecz na bezpo\u015bredniej zmianie stanu lokacyjnego obiektu. Innymi s\u0142owy, wyobra\u017amy sobie, \u017ce obiekt \u201eznika\u201d w jednym miejscu i \u201epojawia si\u0119\u201d w innym, co eliminuje konieczno\u015b\u0107 pokonywania odleg\u0142o\u015bci w przestrzeni.<\/p>\n\n\n\n<p>Z tego te\u017c wzgl\u0119du, wiele os\u00f3b relacjonuj\u0105cych zjawiska zwi\u0105zane z UFO, cz\u0119sto wspomina\u0142o o s\u0142yszalnej zmianie tonu d\u017awi\u0119ku towarzysz\u0105cemu niekiedy temu zjawisku  \u2014  <em>(zar\u00f3wno w postaci niskich, jak i wysokich ton\u00f3w)<\/em>. Ta zmiana d\u017awi\u0119ku wynika z faktu dostosowywania wibracji pojazdu do nowego stanu energetycznego i lokacyjnego, co jest bezpo\u015brednim efektem &#8222;przeskoku&#8221; pomi\u0119dzy miejscami <em>(w przeciwie\u0144stwie do tradycyjnego przemieszczania si\u0119 w przestrzeni)<\/em>.<\/p>\n\n\n\n<h3 class=\"wp-block-heading\">Eksperyment: Testowanie Lokacyjnych Cz\u0119stotliwo\u015bci<\/h3>\n\n\n\n<p>Aby zrozumie\u0107 ten mechanizm, mo\u017cna przeprowadzi\u0107 eksperyment wykorzystuj\u0105cy podstawowe zasady fizyki i rezonansu. Oto kroki, kt\u00f3re umo\u017cliwiaj\u0105 przetestowanie tej koncepcji:<\/p>\n\n\n\n<ol>\n<li><strong>Przygotowanie Obiektu:<\/strong>\n<ul>\n<li>Nale\u017cy wybra\u0107 obiekt o niskim wsp\u00f3\u0142czynniku tarcia i ma\u0142ej masie, na przyk\u0142ad pust\u0105 kul\u0119 wykonan\u0105 z przewodz\u0105cego materia\u0142u, takiego jak stal czy mied\u017a.<\/li>\n<\/ul>\n<\/li>\n\n\n\n<li><strong>P\u0142aska Powierzchnia:<\/strong>\n<ul>\n<li>Nale\u017cy umie\u015bci\u0107 obiekt na jak najbardziej p\u0142askiej i g\u0142adkiej powierzchni, przynajmniej 10 st\u00f3p d\u0142ugo\u015bci <em>(ok. 3 metr\u00f3w)<\/em>. St\u00f3\u0142 powinien by\u0107 idealnie wypoziomowany, aby zminimalizowa\u0107 wp\u0142yw grawitacji i tarcia.<\/li>\n<\/ul>\n<\/li>\n\n\n\n<li><strong>Rejestrowanie Energii Obiektu:<\/strong>\n<ul>\n<li>Na jednym ko\u0144cu sto\u0142u nale\u017cy zmierzy\u0107 pe\u0142n\u0105 r\u00f3wnowag\u0119 energetyczn\u0105 obiektu za pomoc\u0105 dost\u0119pnej technologii. Nast\u0119pnie nale\u017cy przenie\u015b\u0107 obiekt na drugi koniec sto\u0142u i ponownie dokona\u0107 pomiar\u00f3w.<\/li>\n<\/ul>\n<\/li>\n\n\n\n<li><strong>Por\u00f3wnanie Cz\u0119stotliwo\u015bci:<\/strong>\n<ul>\n<li>Nale\u017cy dokona\u0107 analizy r\u00f3\u017cnic mi\u0119dzy cz\u0119stotliwo\u015bciami &#8222;lokacyjnymi&#8221; obiektu w obu punktach. Je\u015bli technologia jest wystarczaj\u0105co czu\u0142a, powinna wykaza\u0107 subtelne r\u00f3\u017cnice.<\/li>\n<\/ul>\n<\/li>\n\n\n\n<li><strong>Powr\u00f3t Obiektu do Punktu A:<\/strong>\n<ul>\n<li>Na ko\u0144cu, nale\u017cy umie\u015bci\u0107 obiekt z powrotem w punkcie A i wprowadzi\u0107 go w wibracj\u0119 odpowiadaj\u0105c\u0105 cz\u0119stotliwo\u015bci punktu B. Je\u015bli eksperyment zosta\u0142 poprawnie przeprowadzony, obiekt powinien zacz\u0105\u0107 porusza\u0107 si\u0119 po stole i zatrzyma\u0107 w punkcie B. Wynik ten potwierdzi, \u017ce obiekt mo\u017ce \u201erezonowa\u0107\u201d do okre\u015blonych cz\u0119stotliwo\u015bci &#8222;lokacyjnych&#8221;. <\/li>\n<\/ul>\n<\/li>\n<\/ol>\n\n\n\n<p>Statki pozaziemskie &#8222;starszej generacji&#8221; wykonuj\u0105 ten proces jednak w nieco odmienny spos\u00f3b. Mianowicie, najpierw tworz\u0105 one <strong>pole si\u0142owe<\/strong> <em>(kt\u00f3re niejako neutralizuje cz\u0119stotliwo\u015b\u0107 statku)<\/em>, a nast\u0119pnie &#8222;przyt\u0142aczaj\u0105&#8221; lub te\u017c zasypuj\u0105 statek dan\u0105 cz\u0119stotliwo\u015bci\u0105, kt\u00f3ra zaczyna przewa\u017ca\u0107. W efekcie statek znika z jednego miejsca, zamiast si\u0119 przemieszcza\u0107, jak ma to miejsce w przypadku sugerowanego eksperymentu. Sam eksperyment ma jedynie na celu potwierdzenie za\u0142o\u017ce\u0144 teoretycznych.<\/p>\n\n\n\n<p>Z kolei z mojego w\u0142asnego do\u015bwiadczenia wynika, \u017ce niekt\u00f3re rasy stosuj\u0105 jeszcze inne podej\u015bcie. Mianowicie, wykonuj\u0105 one manewr, kt\u00f3ry wygl\u0105da dla obserwatora jak nag\u0142y skr\u0119t pod k\u0105tem 90 stopni. Co w moim rozumieniu wygl\u0105da na &#8222;prze\u0142\u0105czenie&#8221; statku na inn\u0105 o\u015b wymiarow\u0105  \u2014  co\u015b w rodzaju \u201ezakr\u0119tu\u201d czy te\u017c przeskoku w strukturze samej rzeczywisto\u015bci. Dzi\u0119ki temu pojazd r\u00f3wnie\u017c natychmiast znika z naszego pola percepcji i pojawia si\u0119 ju\u017c w miejscu docelowym.<\/p>\n\n\n\n<h3 class=\"wp-block-heading\">Zastosowania i Potencja\u0142<\/h3>\n\n\n\n<p>Opisana metoda otwiera nowe mo\u017cliwo\u015bci badawcze, pozwalaj\u0105c na lepsze zrozumienie rezonansu przestrzennego i jego potencjalnych zastosowa\u0144 w technologii. Eksperyment, cho\u0107 prosty w za\u0142o\u017ceniu, wymaga precyzyjnej technologii pomiarowej. Mo\u017ce stanowi\u0107 pierwszy krok w kierunku zrozumienia, jak lokalizacje mog\u0105 by\u0107 postrzegane jako zmienne energetyczne, a nie sta\u0142e cechy przestrzeni.<\/p>\n\n\n\n<h3 class=\"wp-block-heading\">Czy Kto\u015b Ju\u017c Tego Dokona\u0142?<\/h3>\n\n\n\n<p>Mimo \u017ce eksperyment zosta\u0142 opisany i zasugerowany wielokrotnie, do tej pory nie zosta\u0142 oficjalnie przeprowadzony na Ziemi. Jest to wi\u0119c szansa dla badaczy, kt\u00f3rzy s\u0105 zainteresowani przesuwaniem granic nauki i odkrywaniem nowych paradygmat\u00f3w rzeczywisto\u015bci.<\/p>\n\n\n\n<h3 class=\"wp-block-heading\">Wnioski<\/h3>\n\n\n\n<p>Technologie mi\u0119dzygwiezdne opieraj\u0105 si\u0119 na zupe\u0142nie innej logice ni\u017c ta, do kt\u00f3rej jeste\u015bmy przyzwyczajeni. Przesuni\u0119cie perspektywy, kt\u00f3ra pozwala postrzega\u0107 lokacj\u0119 jako w\u0142a\u015bciwo\u015b\u0107 obiektu, to klucz do rozumienia podr\u00f3\u017cy na odleg\u0142o\u015bci mi\u0119dzygwiezdne. Eksperyment, cho\u0107 prosty w swoim za\u0142o\u017ceniu, m\u00f3g\u0142by sta\u0107 si\u0119 krokiem milowym w odkrywaniu nowej nauki. Niestety spora cz\u0119\u015b\u0107 &#8222;naukowc\u00f3w-celebryt\u00f3w&#8221; wybiera brylowanie w mediach, zamiast rzeczywi\u015bcie pracowa\u0107 nad prze\u0142omowymi rozwi\u0105zaniami, kt\u00f3re mog\u0142yby realnie wp\u0142yn\u0105\u0107 na otaczaj\u0105c\u0105 nas rzeczywisto\u015b\u0107.<\/p>\n\n\n\n<p>Niestety, znacz\u0105ca cz\u0119\u015b\u0107 &#8222;naukowc\u00f3w-celebryt\u00f3w&#8221; woli brylowa\u0107 w mediach i teoretyzowa\u0107, zamiast faktycznie pracowa\u0107 nad prze\u0142omowymi rozwi\u0105zaniami, kt\u00f3re mog\u0142yby realnie zmieni\u0107 otaczaj\u0105c\u0105 nas rzeczywisto\u015b\u0107.<\/p>\n\n\n\n<p><strong>Fragmenty tekstu pochodz\u0105 z:<\/strong> portalu <a href=\"https:\/\/www.bashar.org\/\"><strong>bashar.org<\/strong><\/a>.<\/p>","protected":false},"excerpt":{"rendered":"<p>Zmiana Lokacyjnej W\u0142asno\u015bci Obiektu Wsp\u00f3\u0142czesna nauka postrzega obiekt jako co\u015b, co istnieje w okre\u015blonym miejscu. Jednak zaawansowane technologie, jak te stosowane w podr\u00f3\u017cach mi\u0119dzygwiezdnych, traktuj\u0105 lokacj\u0119 jako w\u0142a\u015bciwo\u015b\u0107 obiektu. To fundamentalne przesuni\u0119cie w my\u015bleniu oznacza, \u017ce je\u015bli zmienimy \u201ezmienn\u0105 lokacyjn\u0105\u201d w r\u00f3wnaniu energetycznym obiektu, to przestaje on istnie\u0107 w pierwotnym miejscu i natychmiast pojawia si\u0119 &hellip; <\/p>\n<p class=\"link-more\"><a href=\"https:\/\/universewithinyou.com\/en\/czesc-iii-odpowiedzi-na-odwieczne-pytania\/podroze-miedzygwiezdne\/\" class=\"more-link\">Continue reading<span class=\"screen-reader-text\"> &#8222;<b>Podr\u00f3\u017ce Mi\u0119dzygwiezdne:<\/b> Podstawowe Za\u0142o\u017cenia&#8221;<\/span><\/a><\/p>","protected":false},"author":1,"featured_media":0,"parent":12704,"menu_order":18,"comment_status":"closed","ping_status":"closed","template":"","meta":{"advgb_blocks_editor_width":"","advgb_blocks_columns_visual_guide":"","footnotes":""},"acf":[],"coauthors":[],"author_meta":{"author_link":"https:\/\/universewithinyou.com\/en\/author\/admin\/","display_name":"admin"},"relative_dates":{"created":"Posted 4 years ago","modified":"Updated 8 months ago"},"absolute_dates":{"created":"Posted on November 17, 2021","modified":"Updated on August 28, 2025"},"absolute_dates_time":{"created":"Posted on November 17, 2021 9:32 am","modified":"Updated on August 28, 2025 9:14 am"},"featured_img_caption":"","featured_img":false,"series_order":"","_links":{"self":[{"href":"https:\/\/universewithinyou.com\/en\/wp-json\/wp\/v2\/pages\/3"}],"collection":[{"href":"https:\/\/universewithinyou.com\/en\/wp-json\/wp\/v2\/pages"}],"about":[{"href":"https:\/\/universewithinyou.com\/en\/wp-json\/wp\/v2\/types\/page"}],"author":[{"embeddable":true,"href":"https:\/\/universewithinyou.com\/en\/wp-json\/wp\/v2\/users\/1"}],"replies":[{"embeddable":true,"href":"https:\/\/universewithinyou.com\/en\/wp-json\/wp\/v2\/comments?post=3"}],"version-history":[{"count":27,"href":"https:\/\/universewithinyou.com\/en\/wp-json\/wp\/v2\/pages\/3\/revisions"}],"predecessor-version":[{"id":22172,"href":"https:\/\/universewithinyou.com\/en\/wp-json\/wp\/v2\/pages\/3\/revisions\/22172"}],"up":[{"embeddable":true,"href":"https:\/\/universewithinyou.com\/en\/wp-json\/wp\/v2\/pages\/12704"}],"wp:attachment":[{"href":"https:\/\/universewithinyou.com\/en\/wp-json\/wp\/v2\/media?parent=3"}],"curies":[{"name":"wp","href":"https:\/\/api.w.org\/{rel}","templated":true}]}}