{"id":297,"date":"2021-12-02T19:16:47","date_gmt":"2021-12-02T19:16:47","guid":{"rendered":"https:\/\/universewithinyou.com\/?page_id=297"},"modified":"2025-10-01T12:03:28","modified_gmt":"2025-10-01T12:03:28","slug":"astrologia-narodzin","status":"publish","type":"page","link":"https:\/\/universewithinyou.com\/en\/czesc-iii-odpowiedzi-na-odwieczne-pytania\/astrologia-narodzin\/","title":{"rendered":"<b>Astrologia Narodzin:<\/b> Kosmiczny Klucz do Zrozumienia \u017byciowej Podr\u00f3\u017cy"},"content":{"rendered":"<div id=\"bsf_rt_marker\"><\/div>\n<p class=\"has-small-font-size\"><strong>Astrologia<\/strong>,<strong> numerologia<\/strong> i <strong>tarot<\/strong> s\u0105 to uniwersalne narz\u0119dzia, kt\u00f3re umo\u017cliwiaj\u0105 zg\u0142\u0119bianie istoty <strong>r\u00f3\u017cnych wibracji <\/strong>oraz <strong><span style=\"text-decoration: underline;\">motyw\u00f3w przewodnich<\/span><\/strong>, wybranych przez nas do eksploracji podczas fizycznej inkarnacji. Nie determinuj\u0105 one naszego \u017cycia, lecz oferuj\u0105 wsparcie w zrozumieniu wybor\u00f3w i cel\u00f3w, kt\u00f3re postawili\u015bmy sobie przychodz\u0105c na \u015bwiat.<br><br>Nasz <strong>znak zodiaku<\/strong> czy <strong>uk\u0142ad planet<\/strong> s\u0105 zatem jedynie odbiciem naszych decyzji opartych o konkretne <strong><span style=\"text-decoration: underline;\">wibracje<\/span><\/strong>, a nie &#8222;si\u0142\u0105&#8221; narzucaj\u0105c\u0105 kierunek naszego istnienia. Co wi\u0119cej, narz\u0119dzia te pozwalaj\u0105 nie tylko spojrze\u0107 na przesz\u0142e wydarzenia z innej perspektywy, ale r\u00f3wnie\u017c w pewnym stopniu przewidywa\u0107 przysz\u0142e mo\u017cliwo\u015bci. Dzi\u0119ki temu pomagaj\u0105 nam lepiej zrozumie\u0107 siebie, nasze do\u015bwiadczenia i wyzwania, wspieraj\u0105c w ten spos\u00f3b nasz rozw\u00f3j osobisty i duchowy.<\/p>\n\n\n\n<figure class=\"wp-block-pullquote has-text-align-center is-style-default\"><blockquote><p>&#8222;\u017bycie to nie wy\u015bcig, \u017cycie to podr\u00f3\u017c&#8221;.<\/p><cite>\u2014  <strong>Moje Wy\u017csze Ja<\/strong><\/cite><\/blockquote><\/figure>\n\n\n\n<h2 class=\"wp-block-heading\"><strong>Era Wodnika<\/strong><\/h2>\n\n\n\n<p>Pluton jest to <strong>ostatnia<\/strong> planeta w naszym Uk\u0142adzie S\u0142onecznym, chocia\u017c wed\u0142ug nauki konwencjonalnej Pluton nie jest planet\u0105. Niemniej jednak, w przeciwie\u0144stwie do tego co oficjalnie na ten temat my\u015bli \u015bwiat nauki, tranzyt tej planety oddzia\u0142uje na nasz\u0105 \u015bwiadomo\u015b\u0107, a jego wp\u0142yw jest <strong><span style=\"text-decoration: underline;\">nieunikniony<\/span><\/strong> niezale\u017cnie od tego, czy wierzymy w tego typu zjawiska, czy te\u017c nie.<\/p>\n\n\n\n<p>Obecnie <em>(rok 2025)<\/em> wp\u0142yw ten objawia si\u0119 mi\u0119dzy innymi poprzez <strong>skrajne<\/strong> zachowania ludzi, kt\u00f3re zmuszaj\u0105 nas do konfrontacji z w\u0142asnymi niedoskona\u0142o\u015bciami. Dzi\u0119ki temu, ka\u017cdy z nas ma szans\u0119 <strong>zauwa\u017cy\u0107 i przepracowa\u0107 wzorce my\u015blowe i zarazem emocjonalne<\/strong>, kt\u00f3re wcze\u015bniej pozostawa\u0142y w ukryciu, a kt\u00f3re cz\u0119sto stoj\u0105 na przeszkodzie naszego rozwoju.<\/p>\n\n\n\n<p>Jako ostatnia planeta w Uk\u0142adzie S\u0142onecznym, Pluton symbolizuje koniec, destrukcj\u0119 czy te\u017c &#8222;\u015bmier\u0107&#8221;. <strong>Era Wodnika<\/strong> jest to zatem czas szybko post\u0119puj\u0105cych i zarazem ogromnych transformacji, kt\u00f3ry daje nam szans\u0119 na <strong>pozytywne<\/strong> zako\u0144czenie poprzednich cykli na Ziemi, otwieraj\u0105c drog\u0119 do nowego, lepszego pocz\u0105tku.<\/p>\n\n\n\n<p>Innymi s\u0142owy, <strong>Pluton w Wodniku<\/strong> symbolizuje <strong>g\u0142\u0119bok\u0105 przemian\u0119<\/strong> i zarazem <strong><span style=\"text-decoration: underline;\">zniszczenie<\/span> tego, co przestarza\u0142e<\/strong>, by zrobi\u0107 miejsce dla nowego. Wodnik, jako znak zwi\u0105zany z rewolucj\u0105, post\u0119pem technologicznym, wolno\u015bci\u0105 i humanitaryzmem, wprowadza energi\u0119 sprzyjaj\u0105c\u0105 zmianom na poziomie spo\u0142ecznym i indywidualnym. Ostatnio podobna transformacja mia\u0142a miejsce podczas tzw. <strong><span style=\"text-decoration: underline;\">Rewolucji Francuskiej<\/span><\/strong>.<\/p>\n\n\n\n<p>Aczkolwiek, musimy mie\u0107 \u015bwiadomo\u015b\u0107, \u017ce potencjalne zmiany mog\u0105, lecz nie musz\u0105 si\u0119 wydarzy\u0107 <strong><span style=\"text-decoration: underline;\">dla ka\u017cdego<\/span><\/strong>, poniewa\u017c to od nas samych zale\u017cy z jak\u0105 wersj\u0105 rzeczywisto\u015bci rezonujemy.<\/p>\n\n\n\n<ol>\n<li><strong>Transformacje polityczne, spo\u0142eczne i technologiczne:<\/strong>\n<ul>\n<li>Wodnik rz\u0105dzi technologi\u0105, innowacjami i nauk\u0105. Pluton w tym znaku mo\u017ce wi\u0119c przynie\u015b\u0107 <strong>prze\u0142omowe idee<\/strong>, kt\u00f3re zmieni\u0105 nasze \u017cycie codzienne, jak np. rewolucje technologiczn\u0105  \u2014  eksploracje kosmosu czy nowe \u017ar\u00f3d\u0142a energii.<\/li>\n\n\n\n<li>Pluton mo\u017ce tak\u017ce zrewolucjonizowa\u0107 spos\u00f3b, w jaki funkcjonuj\u0105 spo\u0142ecze\u0144stwa  \u2014  decentralizacja w\u0142adzy, nowe formy ustroju lub ekonomii <em>(jak kryptowaluty, tak bardzo znienawidzone przez rz\u0105dy i legislator\u00f3w starego systemu)<\/em>. <\/li>\n<\/ul>\n<\/li>\n\n\n\n<li><strong>Rewolucja kolektywna:<\/strong>\n<ul>\n<li>Wodnik zwi\u0105zany jest z grupami i kolektywami, dlatego Pluton w tym znaku mo\u017ce wzmocni\u0107 ruchy spo\u0142eczne d\u0105\u017c\u0105ce do r\u00f3wno\u015bci, praw cz\u0142owieka i wi\u0119kszej niezale\u017cno\u015bci. Zatem jest to czas, w kt\u00f3rym jednostki b\u0119d\u0105 walczy\u0107 o wolno\u015b\u0107 od starych struktur w\u0142adzy. A tak\u017ce przej\u015bcie od konsumpcjonizmu do bardziej zr\u00f3wnowa\u017conego i wsp\u00f3lnotowego \u017cycia.<\/li>\n<\/ul>\n<\/li>\n\n\n\n<li><strong>Upadek starych struktur w\u0142adzy oraz przestarza\u0142ych system\u00f3w:<\/strong>\n<ul>\n<li>Tak jak ustalili\u015bmy, Pluton <strong><span style=\"text-decoration: underline;\">niszczy to<\/span><\/strong>, co nie spe\u0142nia ju\u017c swojej funkcji. W Wodniku mo\u017ce to wi\u0119c dotyczy\u0107 starych instytucji, system\u00f3w w\u0142adzy, technologii <em>(jak paliwa)<\/em> czy ideologii.<\/li>\n<\/ul>\n<\/li>\n\n\n\n<li><strong>Nowe podej\u015bcie do wolno\u015bci:<\/strong>\n<ul>\n<li>Wodnik ceni wolno\u015b\u0107 i indywidualizm, wi\u0119c Pluton mo\u017ce zmusi\u0107 jednostki do przemy\u015blenia, co oznacza prawdziwa wolno\u015b\u0107 i jak j\u0105 osi\u0105gn\u0105\u0107. Chocia\u017cby poprzez nasilenie negatywnych zjawisk na \u015bwiecie jak konflikty wojenne, kt\u00f3re wymusz\u0105 permanentn\u0105 zmian\u0119 w\u015br\u00f3d ludzi, postawionych przed tym obliczem.<\/li>\n\n\n\n<li>Kozioro\u017cec reprezentuje autorytet i indywidualne osi\u0105gni\u0119cia, podczas gdy Wodnik zwraca uwag\u0119 na dobro wsp\u00f3lne. To zwie\u0144czenie epoki dominacji samozwa\u0144czych elit i hierarchii na rzecz <strong>wsp\u00f3\u0142pracy i r\u00f3wnowagi spo\u0142ecznej<\/strong>.<\/li>\n<\/ul>\n<\/li>\n\n\n\n<li><strong>Rozw\u00f3j duchowy w oparciu o wsp\u00f3lnot\u0119:<\/strong>\n<ul>\n<li>Duchowo\u015b\u0107 mo\u017ce r\u00f3wnie\u017c przesun\u0105\u0107 si\u0119 w kierunku bardziej kolektywnym, gdzie ludzie b\u0119d\u0105 poszukiwa\u0107 \u0142\u0105czenia si\u0119 z innymi i wsp\u00f3lnej ewolucji.<\/li>\n<\/ul>\n<\/li>\n<\/ol>\n\n\n\n<p>Pluton w Wodniku zamyka zatem pewien cykl transformacji, kt\u00f3ry rozpocz\u0105\u0142 si\u0119 w momencie, gdy Pluton wchodzi\u0142 w Kozioro\u017cca (2008\u20132023) i kt\u00f3ry pozostanie tam a\u017c do <strong>2044 roku<\/strong>. Czeka nas zatem d\u0142ugi okres, kt\u00f3ry zapocz\u0105tkuje <strong>now\u0105 er\u0119 w historii ludzko\u015bci<\/strong>  \u2014  bardziej kolektywn\u0105, innowacyjn\u0105 i sprawiedliw\u0105, cho\u0107 z wyzwaniami zwi\u0105zanymi z konieczno\u015bci\u0105 destrukcji starych struktur.<\/p>\n\n\n\n<h2 class=\"wp-block-heading\"><strong>Cykl Dziewi\u0119ciu<\/strong><\/h2>\n\n\n\n<p>Jedn\u0105 z kluczowych koncepcji astrologicznych jest r\u00f3wnie\u017c tzw. \u201e<strong>cykl dziewi\u0119ciu<\/strong>\u201d  \u2014  jest to wibracja, kt\u00f3ra reprezentuje najwy\u017cszy mo\u017cliwy poziom fizycznej rzeczywisto\u015bci. Poniewa\u017c, tak jak ustalili\u015bmy wcze\u015bniej, wszystkie liczby redukuj\u0105 si\u0119 zawsze do warto\u015bci poni\u017cej niej <em>(np. 9+9=18, 1+8=9)<\/em>, co symbolizuje pewn\u0105 granic\u0119 fizyczno\u015bci  \u2014  pr\u0119dko\u015b\u0107 \u015bwiat\u0142a wyra\u017con\u0105 w milach r\u00f3wnie\u017c mo\u017cemy zredukowa\u0107 do liczby 9.<\/p>\n\n\n\n<p>Co wi\u0119cej, cykl <strong>dziewi\u0119ciu<\/strong>, w po\u0142\u0105czeniu z cyklami <strong>trzech<\/strong> <em>(kwadratowym pierwiastkiem z dziewi\u0119ciu)<\/em> odzwierciedlaj\u0105 t\u0119 regu\u0142\u0119 matematyczn\u0105 w postaci kluczowych wydarze\u0144 w historii Ziemi. Wydarzenia takie jak odkrycia zwi\u0105zane z \u017cyciem pozaziemskim <em>(bakterii na Marsie)<\/em> jak i s\u0142ynny incydent w Roswell r\u00f3wnie\u017c s\u0105 silnie powi\u0105zane z tymi cyklami. W \u017cyciu codziennym z kolei, cykle oparte o liczb\u0119 3, 6 lub 9 cz\u0119sto symbolizuj\u0105 transformacje, takie jak np. utrata bliskich os\u00f3b, kt\u00f3re sk\u0142aniaj\u0105 nas do g\u0142\u0119bszego zrozumienia siebie i otaczaj\u0105cego \u015bwiata.<\/p>\n\n\n\n<p class=\"has-black-color has-cyan-bluish-gray-background-color has-text-color has-background has-link-color wp-elements-7b11ae334e76838e3188c0a0fddc8d3f\">Ludzka \u015bwiadomo\u015b\u0107 r\u00f3wnie\u017c rozwija si\u0119 w okre\u015blonych cyklach, z kt\u00f3rych ka\u017cdy trwa oko\u0142o <strong><span style=\"text-decoration: underline;\">40 lat<\/span><\/strong>, symbolizuj\u0105c kolejne etapy przemian zbiorowej percepcji. Wydarzenia z Roswell w 1947 roku zapocz\u0105tkowa\u0142y jeden z takich cykli, podczas gdy np. moje narodziny w 1987 roku akurat zbieg\u0142y si\u0119 z jego zako\u0144czeniem. W moim przypadku, rozpocz\u0119cie kolejnego etapu tego procesu przypada na rok <strong>2027<\/strong>. Rok ten postrzegany jest r\u00f3wnie\u017c jako istotny punkt na linii czasu, prowadz\u0105cy do <strong><span style=\"text-decoration: underline;\">otwartego kontaktu z cywilizacjami pozaziemskimi<\/span><\/strong>.<\/p>\n\n\n\n<p>W konsekwencji, najbli\u017cszy <strong>cykl dziewi\u0119ciu<\/strong> w\u0142a\u015bnie si\u0119 zacz\u0105\u0142 i przypada na lata <strong>2025\u20132034<\/strong>, kt\u00f3re stanowi\u0105 prze\u0142omow\u0105 szans\u0119 dla ludzko\u015bci oraz wej\u015bcie w tzw. <strong>Now\u0105 Er\u0119<\/strong> <strong>\u015awiadomo\u015bci na Ziemi<\/strong>. Jest to czas, w kt\u00f3rym na naszych oczach rzeczywisto\u015b\u0107 staje si\u0119 bardziej <strong>elastyczna i p\u0142ynna<\/strong>. Jednym z kluczowych aspekt\u00f3w tej transformacji jest u\u015bwiadomienie sobie, \u017ce nasze \u017cycie jest r\u00f3wnie iluzoryczne jak <strong>sen<\/strong>, a nowy cykl zach\u0119ca nas do zrozumienia, \u017ce rzeczywisto\u015b\u0107 fizyczna, podobnie jak sen, jest przestrzeni\u0105, w kt\u00f3rej mo\u017cemy <strong>\u015bwiadomie kreowa\u0107 swoje do\u015bwiadczenia<\/strong>. Nawiasem m\u00f3wi\u0105c, ma to r\u00f3wnie\u017c zwi\u0105zek z tym, \u017ce w 2012 roku wkroczyli\u015bmy w kolejn\u0105 tzw. 4 g\u0119sto\u015b\u0107 <em>(4D)<\/em>. Podczas gdy, obecnie zmierzamy do 5D, co mo\u017cna sobie wyobrazi\u0107 jako przeskoczenie \u015bwiadomo\u015bci do wy\u017cszej skali i zarazem inteligencji.<\/p>\n\n\n\n<h2 class=\"wp-block-heading\"><strong>Astrologia Narodzin<\/strong><\/h2>\n\n\n\n<p>Rozumiej\u0105c te zale\u017cno\u015bci, mo\u017cemy spr\u00f3bowa\u0107 odkry\u0107 swoj\u0105 \u015bcie\u017ck\u0119 \u017cyciow\u0105 na podstawie daty urodzenia. W moim przypadku pewne predyspozycje czy tendencje przedstawiaj\u0105 si\u0119 nast\u0119puj\u0105co:<\/p>\n\n\n\n<h3 class=\"wp-block-heading\"><strong>Skorpion <em>(24.10.1987)<\/em><\/strong><\/h3>\n\n\n\n<p>Osoby urodzone na granicy mi\u0119dzy znakiem Wagi, a Skorpiona  \u2014  skorpiony znane s\u0105 np. z intensywno\u015bci, determinacji, a tak\u017ce naznaczone s\u0105 transformacj\u0105 i poszukiwaniem prawdy.<\/p>\n\n\n\n<ul>\n<li><strong>W\u0142adca znaku<\/strong>: Pluton <em>(g\u0142\u00f3wna planeta rz\u0105dz\u0105ca Skorpionem)<\/em> oraz Mars <em>(tradycyjny w\u0142adca Skorpiona)<\/em>.<\/li>\n\n\n\n<li><strong>Cechy jako Skorpion<\/strong>: Intuicja, silna wola, zdolno\u015b\u0107 do g\u0142\u0119bokich zmian, wnikliwy umys\u0142 i zdolno\u015b\u0107 odradzania si\u0119 po trudnych do\u015bwiadczeniach.<\/li>\n\n\n\n<li><strong>\u017bywio\u0142<\/strong>: Woda <em>(emocje, intuicja, g\u0142\u0119bia)<\/em>.<\/li>\n\n\n\n<li><strong>Modalno\u015b\u0107<\/strong>: Sta\u0142a <em>(wytrwa\u0142o\u015b\u0107, lojalno\u015b\u0107, up\u00f3r)<\/em>.<\/li>\n<\/ul>\n\n\n\n<p><em>Gdy modalno\u015b\u0107 (energia) jest <strong><span style=\"text-decoration: underline;\">sta\u0142a<\/span><\/strong>, oznacza to, \u017ce nie jest chaotyczna ani rozproszona, tylko konsekwentna, uporz\u0105dkowana czy wytrwa\u0142a. Osoby z tak\u0105 modalno\u015bci\u0105 maj\u0105 tendencj\u0119 do trzymania si\u0119 raz obranej \u015bcie\u017cki i rozwijania jej krok po kroku, bez cz\u0119stych zwrot\u00f3w czy nag\u0142ych rewolucji.<\/em><\/p>\n\n\n\n<hr class=\"wp-block-separator has-alpha-channel-opacity\"\/>\n\n\n\n<h3 class=\"wp-block-heading\"><strong>Numerologia narodzin &#8211; Liczba mistrzowska<\/strong><\/h3>\n\n\n\n<p>Data narodzin: <strong>24.10.1987<\/strong><\/p>\n\n\n\n<ol>\n<li><strong>Redukcja liczby<\/strong>:<br>2 + 4 + 1 + 0 + 1 + 9 + 8 + 7 = 32<br>3 + 2 = <strong>5<\/strong><br>5 symbolizuje wolno\u015b\u0107, zmiany, dynamik\u0119 i przygod\u0119. Akurat w tej dacie narodzin pojawia si\u0119 te\u017c ukryty potencja\u0142 zwi\u0105zany z liczb\u0105 mistrzowsk\u0105 <strong>33<\/strong> <em>(pochodz\u0105c\u0105 z sumy 24 + 9)<\/em>.<\/li>\n\n\n\n<li><strong>Liczba mistrzowska 33<\/strong>:<br>33 jest to liczba &#8222;Mistrza Nauczyciela&#8221;, symbolizuj\u0105ca siln\u0105 energi\u0119 mi\u0142o\u015bci, wsp\u00f3\u0142czucia, s\u0142u\u017cby innym jak i duchowego rozwoju. Niesie ona ze sob\u0105 potencja\u0142 transformowania \u017cycia innych, zw\u0142aszcza gdy osoba pod\u0105\u017caj\u0105ca t\u0105 \u015bcie\u017ck\u0105 koncentruje si\u0119 na pomaganiu i dzieleniu si\u0119 swoj\u0105 wiedz\u0105. Cho\u0107 daleko mi do miana &#8222;Mistrza&#8221;, postrzegam to raczej jako pewien potencja\u0142, kt\u00f3ry mo\u017cna <em>(lecz nie trzeba)<\/em> rozwija\u0107 w miar\u0119 w\u0142asnego rozwoju.<\/li>\n<\/ol>\n\n\n\n<hr class=\"wp-block-separator has-alpha-channel-opacity\"\/>\n\n\n\n<h3 class=\"wp-block-heading\"><strong>Wp\u0142yw planet <\/strong><\/h3>\n\n\n\n<ol>\n<li><strong>Pluton <\/strong><em>(w\u0142adca Skorpiona)<\/em>\n<ul>\n<li><strong>Wp\u0142yw<\/strong>: Tak jak ustalili\u015bmy, Pluton symbolizuje transformacj\u0119, odrodzenie i g\u0142\u0119bokie zmiany. Jest planet\u0105 intensywnych prze\u0142om\u00f3w w \u017cyciu, kt\u00f3ra zmusza do stawienia czo\u0142a ukrytym l\u0119kom i s\u0142abo\u015bciom.<\/li>\n\n\n\n<li><strong>Cie\u0144 Plutona<\/strong>: Obsesja, manipulacja, l\u0119k przed strat\u0105, destrukcyjne wzorce.<\/li>\n<\/ul>\n<\/li>\n<\/ol>\n\n\n\n<p>Pluton wymaga pracy nad akceptacj\u0105 zmian i nauki puszczania tego, co nie s\u0142u\u017cy rozwojowi.<\/p>\n\n\n\n<ol>\n<li><strong>Mars <\/strong><em>(tradycyjny w\u0142adca Skorpiona)<\/em>\n<ul>\n<li><strong>Wp\u0142yw<\/strong>: Mars daje energi\u0119, pasj\u0119 i determinacj\u0119. Sk\u0142ania do dzia\u0142ania i osi\u0105gania cel\u00f3w.<\/li>\n\n\n\n<li><strong>Cie\u0144 Marsa<\/strong>: Impulsywno\u015b\u0107, gniew, konflikty.<\/li>\n<\/ul>\n<\/li>\n<\/ol>\n\n\n\n<p>Nale\u017cy unika\u0107 dzia\u0142a\u0144 podyktowanych chwilowymi emocjami.<\/p>\n\n\n\n<ol>\n<li><strong>Ksi\u0119\u017cyc<\/strong><em><strong> <\/strong>(emocje i pod\u015bwiadomo\u015b\u0107)<\/em>\n<ul>\n<li><strong>Wp\u0142yw<\/strong>: Ksi\u0119\u017cyc wskazuje na g\u0142\u0119bokie emocje. Jako osoba zwi\u0105zana z \u017cywio\u0142em wody jestem bardzo intuicyjny i potrafi\u0119 g\u0142\u0119boko \u0142\u0105czy\u0107 si\u0119 emocjonalnie z innymi.<\/li>\n\n\n\n<li><strong>Cie\u0144 Ksi\u0119\u017cyca<\/strong>: Nadmierna wra\u017cliwo\u015b\u0107, sk\u0142onno\u015b\u0107 do zamartwiania si\u0119.<\/li>\n\n\n\n<li><strong>Lekcja<\/strong>: Utrzymywanie r\u00f3wnowagi mi\u0119dzy intuicj\u0105, a logik\u0105.<\/li>\n<\/ul>\n<\/li>\n\n\n\n<li><strong>Saturn <\/strong><em>(nauka i odpowiedzialno\u015b\u0107)<\/em>\n<ul>\n<li><strong>Wp\u0142yw<\/strong>: Saturn daje lekcje zwi\u0105zane z odpowiedzialno\u015bci\u0105, dyscyplin\u0105 i wytrwa\u0142o\u015bci\u0105. W \u017cyciu mog\u0105 pojawia\u0107 si\u0119 wyzwania, kt\u00f3re zmuszaj\u0105 do wzrostu i dojrzewania.<\/li>\n\n\n\n<li><strong>Cie\u0144 Saturna<\/strong>: L\u0119k przed pora\u017ck\u0105, ograniczenia, zbytnia surowo\u015b\u0107 wobec siebie.<\/li>\n\n\n\n<li><strong>Lekcja<\/strong>: Traktowanie trudno\u015bci jako lekcje, kt\u00f3re prowadz\u0105 do rozwoju.<\/li>\n<\/ul>\n<\/li>\n<\/ol>\n\n\n\n<h3 class=\"wp-block-heading\"><strong>\u015acie\u017cka Duchowa i Rozw\u00f3j<\/strong><\/h3>\n\n\n\n<p>Skorpion i liczba Mistrzowska 33 wskazuj\u0105 zatem na g\u0142\u0119bok\u0105 duchow\u0105 \u015bcie\u017ck\u0119 oraz wyj\u0105tkow\u0105 zdolno\u015b\u0107 do pokonywania kryzys\u00f3w i wychodzenia z nich silniejszym. W moim \u017cyciu nie brakowa\u0142o trudnych do\u015bwiadcze\u0144, lecz pomimo tych bolesnych lekcji nie m\u00f3g\u0142bym doj\u015b\u0107 do refleksji, kt\u00f3re zawiera ta strona. Z uwagi na r\u00f3\u017cne traumy, wielokrotnie by\u0142em zmuszony do zakwestionowania znanej mi rzeczywisto\u015bci, co otworzy\u0142o mnie na nowe perspektywy i g\u0142\u0119bsze zrozumienie siebie jak i \u015bwiata. Transformacja jest zatem w moim konkretnym przypadku kluczowym motywem w moim \u017cyciu.<br>Z tej drogi wynikaj\u0105 zar\u00f3wno mocne strony, jak i wyzwania, kt\u00f3re nale\u017cy <strong><span style=\"text-decoration: underline;\">przepracowa\u0107<\/span><\/strong>:<\/p>\n\n\n\n<ul>\n<li><strong>Mocne strony<\/strong>: Intuicja, zdolno\u015b\u0107 &#8222;regeneracji&#8221;, pomocy innym i &#8222;kierowania&#8221; na w\u0142a\u015bciw\u0105 drog\u0119.<\/li>\n\n\n\n<li><strong>Wyzwania<\/strong>: Praca nad kontrol\u0105 emocji, unikanie manipulacji i akceptacja nieuniknionych zmian.<\/li>\n<\/ul>\n\n\n\n<p><strong>Fragmenty tekstu pochodz\u0105 z:<\/strong> portalu <a href=\"https:\/\/www.bashar.org\/\"><strong>bashar.org<\/strong><\/a>.<\/p>","protected":false},"excerpt":{"rendered":"<p>Astrologia, numerologia i tarot s\u0105 to uniwersalne narz\u0119dzia, kt\u00f3re umo\u017cliwiaj\u0105 zg\u0142\u0119bianie istoty r\u00f3\u017cnych wibracji oraz motyw\u00f3w przewodnich, wybranych przez nas do eksploracji podczas fizycznej inkarnacji. Nie determinuj\u0105 one naszego \u017cycia, lecz oferuj\u0105 wsparcie w zrozumieniu wybor\u00f3w i cel\u00f3w, kt\u00f3re postawili\u015bmy sobie przychodz\u0105c na \u015bwiat. Nasz znak zodiaku czy uk\u0142ad planet s\u0105 zatem jedynie odbiciem naszych &hellip; <\/p>\n<p class=\"link-more\"><a href=\"https:\/\/universewithinyou.com\/en\/czesc-iii-odpowiedzi-na-odwieczne-pytania\/astrologia-narodzin\/\" class=\"more-link\">Continue reading<span class=\"screen-reader-text\"> &#8222;<b>Astrologia Narodzin:<\/b> Kosmiczny Klucz do Zrozumienia \u017byciowej Podr\u00f3\u017cy&#8221;<\/span><\/a><\/p>","protected":false},"author":1,"featured_media":0,"parent":12704,"menu_order":16,"comment_status":"closed","ping_status":"closed","template":"","meta":{"advgb_blocks_editor_width":"","advgb_blocks_columns_visual_guide":"","footnotes":""},"acf":[],"coauthors":[],"author_meta":{"author_link":"https:\/\/universewithinyou.com\/en\/author\/admin\/","display_name":"admin"},"relative_dates":{"created":"Posted 4 years ago","modified":"Updated 7 months ago"},"absolute_dates":{"created":"Posted on December 2, 2021","modified":"Updated on October 1, 2025"},"absolute_dates_time":{"created":"Posted on December 2, 2021 7:16 pm","modified":"Updated on October 1, 2025 12:03 pm"},"featured_img_caption":"","featured_img":false,"series_order":"","_links":{"self":[{"href":"https:\/\/universewithinyou.com\/en\/wp-json\/wp\/v2\/pages\/297"}],"collection":[{"href":"https:\/\/universewithinyou.com\/en\/wp-json\/wp\/v2\/pages"}],"about":[{"href":"https:\/\/universewithinyou.com\/en\/wp-json\/wp\/v2\/types\/page"}],"author":[{"embeddable":true,"href":"https:\/\/universewithinyou.com\/en\/wp-json\/wp\/v2\/users\/1"}],"replies":[{"embeddable":true,"href":"https:\/\/universewithinyou.com\/en\/wp-json\/wp\/v2\/comments?post=297"}],"version-history":[{"count":47,"href":"https:\/\/universewithinyou.com\/en\/wp-json\/wp\/v2\/pages\/297\/revisions"}],"predecessor-version":[{"id":22240,"href":"https:\/\/universewithinyou.com\/en\/wp-json\/wp\/v2\/pages\/297\/revisions\/22240"}],"up":[{"embeddable":true,"href":"https:\/\/universewithinyou.com\/en\/wp-json\/wp\/v2\/pages\/12704"}],"wp:attachment":[{"href":"https:\/\/universewithinyou.com\/en\/wp-json\/wp\/v2\/media?parent=297"}],"curies":[{"name":"wp","href":"https:\/\/api.w.org\/{rel}","templated":true}]}}