{"id":12704,"date":"2023-08-12T09:14:29","date_gmt":"2023-08-12T09:14:29","guid":{"rendered":"https:\/\/universewithinyou.com\/?page_id=12704"},"modified":"2023-08-27T18:08:21","modified_gmt":"2023-08-27T18:08:21","slug":"czesc-iii-odpowiedzi-na-odwieczne-pytania","status":"publish","type":"page","link":"https:\/\/universewithinyou.com\/en\/czesc-iii-odpowiedzi-na-odwieczne-pytania\/","title":{"rendered":"<strong>Cz\u0119\u015b\u0107 III: Odpowiedzi na Nurtuj\u0105ce Pytania<\/strong>"},"content":{"rendered":"<div id=\"bsf_rt_marker\"><\/div>","protected":false},"excerpt":{"rendered":"","protected":false},"author":1,"featured_media":0,"parent":0,"menu_order":7,"comment_status":"closed","ping_status":"closed","template":"","meta":{"advgb_blocks_editor_width":"","advgb_blocks_columns_visual_guide":"","footnotes":""},"acf":[],"coauthors":[],"author_meta":{"author_link":"https:\/\/universewithinyou.com\/en\/author\/admin\/","display_name":"admin"},"relative_dates":{"created":"Posted 3 years ago","modified":"Updated 3 years ago"},"absolute_dates":{"created":"Posted on August 12, 2023","modified":"Updated on August 27, 2023"},"absolute_dates_time":{"created":"Posted on August 12, 2023 9:14 am","modified":"Updated on August 27, 2023 6:08 pm"},"featured_img_caption":"","featured_img":false,"series_order":"","_links":{"self":[{"href":"https:\/\/universewithinyou.com\/en\/wp-json\/wp\/v2\/pages\/12704"}],"collection":[{"href":"https:\/\/universewithinyou.com\/en\/wp-json\/wp\/v2\/pages"}],"about":[{"href":"https:\/\/universewithinyou.com\/en\/wp-json\/wp\/v2\/types\/page"}],"author":[{"embeddable":true,"href":"https:\/\/universewithinyou.com\/en\/wp-json\/wp\/v2\/users\/1"}],"replies":[{"embeddable":true,"href":"https:\/\/universewithinyou.com\/en\/wp-json\/wp\/v2\/comments?post=12704"}],"version-history":[{"count":2,"href":"https:\/\/universewithinyou.com\/en\/wp-json\/wp\/v2\/pages\/12704\/revisions"}],"predecessor-version":[{"id":13064,"href":"https:\/\/universewithinyou.com\/en\/wp-json\/wp\/v2\/pages\/12704\/revisions\/13064"}],"wp:attachment":[{"href":"https:\/\/universewithinyou.com\/en\/wp-json\/wp\/v2\/media?parent=12704"}],"curies":[{"name":"wp","href":"https:\/\/api.w.org\/{rel}","templated":true}]}}