{"id":1245,"date":"2021-12-14T22:16:53","date_gmt":"2021-12-14T22:16:53","guid":{"rendered":"https:\/\/universewithinyou.com\/?page_id=1245"},"modified":"2025-01-26T23:10:18","modified_gmt":"2025-01-26T23:10:18","slug":"swiat-astralny-wprowadzenie","status":"publish","type":"page","link":"https:\/\/universewithinyou.com\/en\/multi-dimensional-universe\/swiat-astralny-wprowadzenie\/","title":{"rendered":"<b>Astral World:<\/b> S\u0142owniczek Poj\u0119\u0107, Techniki Wychodzenia z Cia\u0142a oraz Kluczowe Informacje"},"content":{"rendered":"","protected":true},"excerpt":{"rendered":"","protected":true},"author":1,"featured_media":0,"parent":19,"menu_order":14,"comment_status":"closed","ping_status":"closed","template":"","meta":{"advgb_blocks_editor_width":"","advgb_blocks_columns_visual_guide":"","footnotes":""},"acf":[],"coauthors":[],"author_meta":{"author_link":"https:\/\/universewithinyou.com\/en\/author\/admin\/","display_name":"admin"},"relative_dates":{"created":"Posted 4 years ago","modified":"Updated 1 year ago"},"absolute_dates":{"created":"Posted on December 14, 2021","modified":"Updated on January 26, 2025"},"absolute_dates_time":{"created":"Posted on December 14, 2021 10:16 pm","modified":"Updated on January 26, 2025 11:10 pm"},"featured_img_caption":"","featured_img":false,"series_order":"","_links":{"self":[{"href":"https:\/\/universewithinyou.com\/en\/wp-json\/wp\/v2\/pages\/1245"}],"collection":[{"href":"https:\/\/universewithinyou.com\/en\/wp-json\/wp\/v2\/pages"}],"about":[{"href":"https:\/\/universewithinyou.com\/en\/wp-json\/wp\/v2\/types\/page"}],"author":[{"embeddable":true,"href":"https:\/\/universewithinyou.com\/en\/wp-json\/wp\/v2\/users\/1"}],"replies":[{"embeddable":true,"href":"https:\/\/universewithinyou.com\/en\/wp-json\/wp\/v2\/comments?post=1245"}],"version-history":[{"count":212,"href":"https:\/\/universewithinyou.com\/en\/wp-json\/wp\/v2\/pages\/1245\/revisions"}],"predecessor-version":[{"id":21966,"href":"https:\/\/universewithinyou.com\/en\/wp-json\/wp\/v2\/pages\/1245\/revisions\/21966"}],"up":[{"embeddable":true,"href":"https:\/\/universewithinyou.com\/en\/wp-json\/wp\/v2\/pages\/19"}],"wp:attachment":[{"href":"https:\/\/universewithinyou.com\/en\/wp-json\/wp\/v2\/media?parent=1245"}],"curies":[{"name":"wp","href":"https:\/\/api.w.org\/{rel}","templated":true}]}}